{"id":514,"date":"2019-12-10T19:18:22","date_gmt":"2019-12-10T19:18:22","guid":{"rendered":"https:\/\/juanbustos.com\/chateadora\/?page_id=514"},"modified":"2020-01-15T17:07:30","modified_gmt":"2020-01-15T17:07:30","slug":"inicio","status":"publish","type":"page","link":"https:\/\/juanbustos.com\/chateadora\/","title":{"rendered":"Inicio"},"content":{"rendered":"<section id=\"section-5e0605b795241\" class=\"fw-main-row text-center section-spacing parallax-section  auto \" style=\"background:url(https:\/\/juanbustos.com\/chateadora\/wp-content\/uploads\/2019\/12\/background.jpg) no-repeat center top fixed;background-size: cover;width: 100%;overflow: hidden\">\n<div>\n<div class=\"fw-container\">\n<div class=\"fw-row\">\n<div id=\"column-5e0605b799366\" class=\" fw-col-sm-6       wow fadeInUp\" data-wow-offset=\"120\" data-wow-duration=\"1.5s\" style=\"color:#ffffff\">\n<div class=\"fw-main-row\">\n<div class=\"fw-col-inner\" style=\"padding: 50px 0px 0px 0px\">\n<header class=\"fw-heading section-header heading-min-spacing fw-heading-h1 text-center wow fadeIn animated\" data-wow-offset=\"120\" data-wow-duration=\"1.5s\" style=\"color:#ffffff\">\n<h1 class=\"fw-special-title\">La Chateadora<\/h1>\n<div class=\"fw-special-subtitle\">Una novela con alta dosis de erotismo, que narra los secretos y vivencias de una camgirl llamada Cristina. La vida de la protagonista transcurre entre el drama, el placer sexual, el dinero y lo que significa trabajar en el mundo virtual.<\/div>\n<\/header>\n<div class=\"fw-divider-space space-sm\"><\/div>\n<div class=\"text-left btn-inline\"><a href=\"https:\/\/juanbustos.com\/chateadora\/tienda\/\" target=\"_self\" class=\"btn btn-primary btn-lg\" title=\"C\u00f3mprala ahora\" rel=\"noopener noreferrer\"><br \/>\n<i class=\"pull-right fa fa-cart-arrow-down\"><\/i> C\u00f3mprala ahora\t<\/a><\/div>\n<p><span style=\"color: #888888;font-family: 'Open Sans', sans-serif;font-size: 15px\">*Disponible en f\u00edsico y digital (ePUB, Mobi\/Kindle).<\/span><\/p>\n<\/div>\n<\/div>\n<\/div>\n<div id=\"column-5e0605b79e183\" class=\" fw-col-md-6       wow fadeInUp\" data-wow-offset=\"120\" data-wow-duration=\"1.5s\">\n<div class=\"fw-main-row\">\n<div class=\"fw-col-inner\">\n<p><img loading=\"lazy\" decoding=\"async\" class=\"book-header aligncenter wp-image-518\" src=\"https:\/\/juanbustos.com\/chateadora\/wp-content\/uploads\/2019\/12\/Untitled-3-887x1024.png\" alt=\"\" width=\"600\" height=\"693\" srcset=\"https:\/\/juanbustos.com\/chateadora\/wp-content\/uploads\/2019\/12\/Untitled-3-887x1024.png 887w, https:\/\/juanbustos.com\/chateadora\/wp-content\/uploads\/2019\/12\/Untitled-3-scaled-600x693.png 600w, https:\/\/juanbustos.com\/chateadora\/wp-content\/uploads\/2019\/12\/Untitled-3-260x300.png 260w, https:\/\/juanbustos.com\/chateadora\/wp-content\/uploads\/2019\/12\/Untitled-3-768x887.png 768w, https:\/\/juanbustos.com\/chateadora\/wp-content\/uploads\/2019\/12\/Untitled-3-1330x1536.png 1330w, https:\/\/juanbustos.com\/chateadora\/wp-content\/uploads\/2019\/12\/Untitled-3-1773x2048.png 1773w\" sizes=\"auto, (max-width: 600px) 100vw, 600px\" \/><\/p>\n<\/div>\n<\/div>\n<\/div>\n<\/div>\n<\/div>\n<\/div>\n<\/section>\n<section id=\"section-5e0605b79f50b\" class=\"fw-main-row text-center min-spacing   auto \" style=\"background-color:#ed1c24\">\n<div>\n<div class=\"fw-container\">\n<div class=\"fw-row\">\n<div id=\"column-5e0605b7a23f3\" class=\"fw-col-sm-6 fw-col-md-3       wow fadeInUp\" data-wow-offset=\"120\" data-wow-duration=\"1.5s\" style=\"color:#ffffff\">\n<div class=\"fw-main-row\">\n<div class=\"fw-col-inner\">\n<div class=\"funfacts-counter\">\n            <i class=\"fa-3x fa fa-file-text-o\"><\/i><\/p>\n<h3 class=\"total-number\" data-total-count=\"100\">0<\/h3>\n<p class=\"statistic-text\">P\u00e1ginas<\/p>\n<\/div>\n<\/div>\n<\/div>\n<\/div>\n<div id=\"column-5e0605b7a440b\" class=\"fw-col-sm-6 fw-col-md-3       wow fadeInUp\" data-wow-offset=\"120\" data-wow-duration=\"1.5s\" style=\"color:#ffffff\">\n<div class=\"fw-main-row\">\n<div class=\"fw-col-inner\">\n<div class=\"funfacts-counter\">\n            <i class=\"fa-3x fa fa-graduation-cap\"><\/i><\/p>\n<h3 class=\"total-number\" data-total-count=\"1000\">0<\/h3>\n<p class=\"statistic-text\">Lectores<\/p>\n<\/div>\n<\/div>\n<\/div>\n<\/div>\n<div id=\"column-5e0605b7a7dc9\" class=\"fw-col-sm-6 fw-col-md-3       wow fadeInUp\" data-wow-offset=\"120\" data-wow-duration=\"1.5s\" style=\"color:#ffffff\">\n<div class=\"fw-main-row\">\n<div class=\"fw-col-inner\">\n<div class=\"funfacts-counter\">\n            <i class=\"fa-3x fa fa-facebook-square\"><\/i><\/p>\n<h3 class=\"total-number\" data-total-count=\"4316\">0<\/h3>\n<p class=\"statistic-text\">Seguidores Facebook<\/p>\n<\/div>\n<\/div>\n<\/div>\n<\/div>\n<div id=\"column-5e0605b7ab476\" class=\"fw-col-sm-6 fw-col-md-3       wow fadeInUp\" data-wow-offset=\"120\" data-wow-duration=\"1.5s\" style=\"color:#ffffff\">\n<div class=\"fw-main-row\">\n<div class=\"fw-col-inner\">\n<div class=\"funfacts-counter\">\n            <i class=\"fa-3x fa fa-twitter\"><\/i><\/p>\n<h3 class=\"total-number\" data-total-count=\"1109\">0<\/h3>\n<p class=\"statistic-text\">Seguidores Twitter<\/p>\n<\/div>\n<\/div>\n<\/div>\n<\/div>\n<\/div>\n<\/div>\n<\/div>\n<\/section>\n<section id=\"section-5e0605b7ac03d\" class=\"fw-main-row text-center section-spacing   auto \" style=\"background-color:#f7f7f7\">\n<div>\n<div class=\"fw-container\">\n<div class=\"fw-row\">\n<div id=\"column-5e0605b7adf7b\" class=\" fw-col-md-12       wow fadeInUp\" data-wow-offset=\"120\" data-wow-duration=\"1.5s\">\n<div class=\"fw-main-row\">\n<div class=\"fw-col-inner\">\n<header class=\"fw-heading section-header heading-min-spacing fw-heading-h2 text-center wow fadeIn animated\" data-wow-offset=\"120\" data-wow-duration=\"1.5s\" style=\"color:\">\n<h2 class=\"fw-special-title\">Cr\u00edticas<\/h2>\n<\/header>\n<\/div>\n<\/div>\n<\/div>\n<\/div>\n<div class=\"fw-row\">\n<div id=\"column-5e0605b7b25be\" class=\" fw-col-md-12       wow fadeInUp\" data-wow-offset=\"120\" data-wow-duration=\"1.5s\">\n<div class=\"fw-main-row\">\n<div class=\"fw-col-inner\">\n<div id=\"testimonials-5e0605b7b355f\" class=\"container testimonials wow fadeInUp\">\n<div class=\"review-slider\">\n        <!-- Review item 1 start --><\/p>\n<div>\n<blockquote class=\"col-md-10 center-block\"><p> <i class=\"fa fa-quote-left\"><\/i> Las escenas de sexo de este libro, te prenden y son una invitaci\u00f3n a la fantas\u00eda. La Chateadora es un libro para tener en la mesa de noche, leer unas cuantas p\u00e1ginas y hacerte una paja. <i class=\"fa fa-quote-right\"><\/i><\/p><\/blockquote>\n<figure>\n                                        <img decoding=\"async\" src=\"\/\/juanbustos.com\/chateadora\/wp-content\/uploads\/2019\/12\/Nacho.jpg\" alt=\"face\" class=\"img-circle\"><\/p>\n<div class=\"testimonials-author-rating\">\n                        <i class=\"fa fa-star\"><\/i><i class=\"fa fa-star\"><\/i><i class=\"fa fa-star\"><\/i><i class=\"fa fa-star\"><\/i><i class=\"fa fa-star\"><\/i><\/div>\n<h4>Nacho Vidal<\/h4>\n<p>Actor Porno<\/figure>\n<\/div>\n<div>\n<blockquote class=\"col-md-10 center-block\"><p> <i class=\"fa fa-quote-left\"><\/i> Llor\u00e9 mucho identific\u00e1ndome con personajes que sufren bastante en el relato. Esta novela cuenta algunas historias en las que me vi reflejada. El esfuerzo y dedicaci\u00f3n por salir adelante son incre\u00edbles.  <i class=\"fa fa-quote-right\"><\/i><\/p><\/blockquote>\n<figure>\n                                        <img decoding=\"async\" src=\"\/\/juanbustos.com\/chateadora\/wp-content\/uploads\/2019\/12\/FLORA.jpg\" alt=\"face\" class=\"img-circle\"><\/p>\n<div class=\"testimonials-author-rating\">\n                        <i class=\"fa fa-star\"><\/i><i class=\"fa fa-star\"><\/i><i class=\"fa fa-star\"><\/i><i class=\"fa fa-star\"><\/i><i class=\"fa fa-star\"><\/i><\/div>\n<h4>FloraBella<\/h4>\n<p>Camgirl<\/figure>\n<\/div>\n<div>\n<blockquote class=\"col-md-10 center-block\"><p> <i class=\"fa fa-quote-left\"><\/i> Es una novela que me hizo reir, llorar, sufrir y conmoverme conforme los personajes iban interactuando entre ellos. Las historias se parecen a nuestra realidad en el mundo webcam.  <i class=\"fa fa-quote-right\"><\/i><\/p><\/blockquote>\n<figure>\n                                        <img decoding=\"async\" src=\"\/\/juanbustos.com\/chateadora\/wp-content\/uploads\/2019\/12\/Sofie.jpg\" alt=\"face\" class=\"img-circle\"><\/p>\n<div class=\"testimonials-author-rating\">\n                        <i class=\"fa fa-star\"><\/i><i class=\"fa fa-star\"><\/i><i class=\"fa fa-star\"><\/i><i class=\"fa fa-star\"><\/i><i class=\"fa fa-star\"><\/i><\/div>\n<h4>Soifie Cooper<\/h4>\n<p>Camgirl<\/figure>\n<\/div>\n<div>\n<blockquote class=\"col-md-10 center-block\"><p> <i class=\"fa fa-quote-left\"><\/i> La historia de la protagonista me impact\u00f3. La vida es dura, pero las cosas que le ocurrieron a Cristina me hicieron valorar m\u00e1s lo que tengo. <i class=\"fa fa-quote-right\"><\/i><\/p><\/blockquote>\n<figure>\n                                        <img decoding=\"async\" src=\"\/\/juanbustos.com\/chateadora\/wp-content\/uploads\/2019\/12\/Manu1.jpg\" alt=\"face\" class=\"img-circle\"><\/p>\n<div class=\"testimonials-author-rating\">\n                        <i class=\"fa fa-star\"><\/i><i class=\"fa fa-star\"><\/i><i class=\"fa fa-star\"><\/i><i class=\"fa fa-star\"><\/i><i class=\"fa fa-star\"><\/i><\/div>\n<h4>Manuela Puerta<\/h4>\n<p>Camgirl<\/figure>\n<\/div>\n<div>\n<blockquote class=\"col-md-10 center-block\"><p> <i class=\"fa fa-quote-left\"><\/i> En el libro se habla de sexo y pasi\u00f3n, pero m\u00e1s all\u00e1 de eso, toca nuestro lado m\u00e1s humano. Nos hace tener empat\u00eda con Cristina y nos acerca a sentir sus experiencias como nuestras. <i class=\"fa fa-quote-right\"><\/i><\/p><\/blockquote>\n<figure>\n                                        <img decoding=\"async\" src=\"\/\/juanbustos.com\/chateadora\/wp-content\/uploads\/2019\/12\/linda2.jpg\" alt=\"face\" class=\"img-circle\"><\/p>\n<div class=\"testimonials-author-rating\">\n                        <i class=\"fa fa-star\"><\/i><i class=\"fa fa-star\"><\/i><i class=\"fa fa-star\"><\/i><i class=\"fa fa-star\"><\/i><i class=\"fa fa-star\"><\/i><\/div>\n<h4>Linda Su\u00e1rez<\/h4>\n<p>Experta en Seducci\u00f3n<\/figure>\n<\/div>\n<p><!-- Review item 1 end --><\/p>\n<\/div>\n<\/div>\n<\/div>\n<\/div>\n<\/div>\n<\/div>\n<\/div>\n<\/div>\n<\/section>\n<section id=\"section-5e0605b7b7624\" class=\"fw-main-row text-center section-spacing   auto \">\n<div>\n<div class=\"fw-container\">\n<div class=\"fw-row\">\n<div id=\"column-5e0605b7b931c\" class=\" fw-col-md-12       wow fadeInUp\" data-wow-offset=\"120\" data-wow-duration=\"1.5s\">\n<div class=\"fw-main-row\">\n<div class=\"fw-col-inner\">\n<header class=\"fw-heading section-header heading-spacing fw-heading-h2 text-center wow fadeIn animated\" data-wow-offset=\"120\" data-wow-duration=\"1.5s\" style=\"color:\">\n<h2 class=\"fw-special-title\">Sobre el autor<\/h2>\n<\/header>\n<\/div>\n<\/div>\n<\/div>\n<\/div>\n<div class=\"fw-row\">\n<div id=\"column-5e0605b7bba2f\" class=\" fw-col-md-4       wow fadeInUp\" data-wow-offset=\"120\" data-wow-duration=\"1.5s\">\n<div class=\"fw-main-row\">\n<div class=\"fw-col-inner\">\n<div class=\"fw-single-image \">\n\t\t    <img decoding=\"async\" src=\"\/\/juanbustos.com\/chateadora\/wp-content\/uploads\/2019\/12\/jb_camgirl_D.jpg\" class=\"img-responsive\" alt=\"\"><\/div>\n<\/div>\n<\/div>\n<\/div>\n<div id=\"column-5e0605b7be52b\" class=\" fw-col-md-8       wow fadeInUp\" data-wow-offset=\"120\" data-wow-duration=\"1.5s\">\n<div class=\"fw-main-row\">\n<div class=\"fw-col-inner\">\n<h4 class=\"fw-title wow fadeInTop animated\" data-wow-duration=\"1.5s\" style=\"color:\">Juan Bustos<\/h4>\n<p class=\"slide-right\" style=\"margin: 0px 0px 12px;color: #888888;font-family: 'Open Sans', sans-serif;line-height: 25.6000003814697px;text-align: left\">Es fil\u00f3sofo, pionero del modelaje webcam en Colombia y asesor de modelos profesionales.<\/p>\n<p class=\"slide-right\" style=\"margin: 0px 0px 12px;color: #888888;font-family: 'Open Sans', sans-serif;line-height: 25.6000003814697px;text-align: left\">Su p\u00e1gina web, JuanBustos.com, est\u00e1 dedicada a informar a las modelos, estudios y curiosos sobre todos los detalles, innovaciones y consejos relacionados a la webcam.<\/p>\n<p class=\"slide-right\" style=\"margin: 0px 0px 12px;color: #888888;font-family: 'Open Sans', sans-serif;line-height: 25.6000003814697px;text-align: left\">Tambi\u00e9n es director de la Revista Camgirl, la \u00fanica publicaci\u00f3n hispanoamericana dirigida a la industria del entretenimiento adulto web.<\/p>\n<p class=\"slide-right\" style=\"margin: 0px 0px 12px;color: #888888;font-family: 'Open Sans', sans-serif;line-height: 25.6000003814697px;text-align: left\">A trav\u00e9s de las p\u00e1ginas de Camgirl curiosos y conocedores pueden dar una mirada m\u00e1s profunda de este trabajo art\u00edstico y er\u00f3tico. La revista tiene 10 ediciones, algunas de estas presentadas en eventos de renombre como los Xbiz Miami 2019.<\/p>\n<p class=\"slide-right\" style=\"margin: 0px 0px 12px;color: #888888;font-family: 'Open Sans', sans-serif;line-height: 25.6000003814697px;text-align: left\">Juan es un tipo curioso, talentoso y amante de los c\u00f3mics. Y, con el paso de las a\u00f1os, ha logrado destacarse como escritor, productor de podcast para la industria webcam y creador de la Universidad Webcam, que cuenta con m\u00e1s de 1.000 graduadas.<\/p>\n<p><img loading=\"lazy\" decoding=\"async\" class=\"signature wp-image-589 size-medium alignleft\" src=\"https:\/\/juanbustos.com\/chateadora\/wp-content\/uploads\/2019\/12\/Firma-JB-01-300x193.png\" alt=\"\" width=\"300\" height=\"193\" srcset=\"https:\/\/juanbustos.com\/chateadora\/wp-content\/uploads\/2019\/12\/Firma-JB-01-300x193.png 300w, https:\/\/juanbustos.com\/chateadora\/wp-content\/uploads\/2019\/12\/Firma-JB-01-600x386.png 600w, https:\/\/juanbustos.com\/chateadora\/wp-content\/uploads\/2019\/12\/Firma-JB-01-1024x659.png 1024w, https:\/\/juanbustos.com\/chateadora\/wp-content\/uploads\/2019\/12\/Firma-JB-01-768x494.png 768w, https:\/\/juanbustos.com\/chateadora\/wp-content\/uploads\/2019\/12\/Firma-JB-01.png 1166w\" sizes=\"auto, (max-width: 300px) 100vw, 300px\" \/><\/p>\n<div class=\"fw-inline-icon-warper\">\n<a class=\"wow fadeInLeft animated inline-icon\" data-wow-offset=\"10\" data-wow-duration=\"1.5s\" title=\"Facebook\" href=\"https:\/\/www.facebook.com\/juanbustosoficial\/\" target=\"_blank\" rel=\"noopener noreferrer\"><br \/>\n<i class=\"fa fa-facebook\"><\/i><br \/>\n<\/a><br \/>\n<a class=\"wow fadeInLeft animated inline-icon\" data-wow-offset=\"10\" data-wow-duration=\"1.5s\" title=\"Twitter\" href=\"https:\/\/twitter.com\/juanbustoscam\" target=\"_blank\" rel=\"noopener noreferrer\"><br \/>\n<i class=\"fa fa-twitter\"><\/i><br \/>\n<\/a><\/div>\n<h3>&nbsp;<\/h3>\n<h3 style=\"text-align: left\">Bernardo Arango Mercado<br \/>\nCo-Autor<\/h3>\n<p class=\"slide-right\" style=\"margin: 0px 0px 12px;color: #888888;font-family: 'Open Sans', sans-serif;line-height: 25.6000003814697px;text-align: left\">Maestro de profesi\u00f3n y poeta de oficio y coraz\u00f3n, hoy es docente de la Universidad Tecnol\u00f3gica de Pereira. No tuvo incovenientes en recrear las ideas de Juan Bustos y acept\u00f3 el reto de co-escribir La Chateadora.<\/p>\n<\/div>\n<\/div>\n<\/div>\n<\/div>\n<\/div>\n<\/div>\n<\/section>\n<section id=\"section-5e0605b7c5286\" class=\"fw-main-row text-center min-spacing parallax-section  auto callaction\" style=\"background:url(https:\/\/juanbustos.com\/chateadora\/wp-content\/uploads\/2019\/12\/background.jpg) no-repeat center top fixed;background-size: cover;width: 100%;overflow: hidden\">\n<div>\n<div class=\"fw-container-fluid\">\n<div class=\"fw-row\">\n<div id=\"column-5e0605b7c5e42\" class=\" fw-col-sm-12    callactionbutton   wow fadeInUp\" data-wow-offset=\"120\" data-wow-duration=\"1.5s\">\n<div class=\"fw-main-row\">\n<div class=\"fw-col-inner\">\n<div class=\"text-center \"><a href=\"https:\/\/juanbustos.com\/chateadora\/tienda\/\" target=\"_self\" class=\"btn btn-primary btn-lg\" title=\"C\u00f3mprala ahora\" rel=\"noopener noreferrer\"><br \/>\n<i class=\"pull-right fa fa-cart-arrow-down\"><\/i> C\u00f3mprala ahora\t<\/a><\/div>\n<\/div>\n<\/div>\n<\/div>\n<\/div>\n<\/div>\n<\/div>\n<\/section>\n<p><!-- 5eed66e52e7fd8ce25635b3d74692100 --><\/p>\n","protected":false},"excerpt":{"rendered":"<p>La Chateadora Una novela con alta dosis de erotismo, que narra los secretos y vivencias de una camgirl llamada Cristina. La vida de la protagonista transcurre entre el drama, el placer sexual, el dinero y lo que significa trabajar en el mundo virtual. C\u00f3mprala ahora *Disponible en f\u00edsico y digital ..<a class=\"more-link\" href=\"https:\/\/juanbustos.com\/chateadora\/\">Continue Reading<\/a><\/p>\n","protected":false},"author":3,"featured_media":0,"parent":0,"menu_order":0,"comment_status":"open","ping_status":"closed","template":"one-page.php","meta":{"footnotes":""},"class_list":["post-514","page","type-page","status-publish","hentry"],"_links":{"self":[{"href":"https:\/\/juanbustos.com\/chateadora\/wp-json\/wp\/v2\/pages\/514","targetHints":{"allow":["GET"]}}],"collection":[{"href":"https:\/\/juanbustos.com\/chateadora\/wp-json\/wp\/v2\/pages"}],"about":[{"href":"https:\/\/juanbustos.com\/chateadora\/wp-json\/wp\/v2\/types\/page"}],"author":[{"embeddable":true,"href":"https:\/\/juanbustos.com\/chateadora\/wp-json\/wp\/v2\/users\/3"}],"replies":[{"embeddable":true,"href":"https:\/\/juanbustos.com\/chateadora\/wp-json\/wp\/v2\/comments?post=514"}],"version-history":[{"count":27,"href":"https:\/\/juanbustos.com\/chateadora\/wp-json\/wp\/v2\/pages\/514\/revisions"}],"predecessor-version":[{"id":696,"href":"https:\/\/juanbustos.com\/chateadora\/wp-json\/wp\/v2\/pages\/514\/revisions\/696"}],"wp:attachment":[{"href":"https:\/\/juanbustos.com\/chateadora\/wp-json\/wp\/v2\/media?parent=514"}],"curies":[{"name":"wp","href":"https:\/\/api.w.org\/{rel}","templated":true}]}}