{"id":618,"date":"2019-12-16T22:45:11","date_gmt":"2019-12-16T22:45:11","guid":{"rendered":"https:\/\/juanbustos.com\/chateadora\/?page_id=618"},"modified":"2020-01-20T20:39:39","modified_gmt":"2020-01-20T20:39:39","slug":"terminos-y-condiciones","status":"publish","type":"page","link":"https:\/\/juanbustos.com\/chateadora\/terminos-y-condiciones\/","title":{"rendered":"T\u00e9rminos y Condiciones"},"content":{"rendered":"<h5><strong>\u00bfC\u00f3mo comprar el Ebook o el libro en su versi\u00f3n f\u00edsica?<\/strong><\/h5>\n<ol>\n<li>Escoge la versi\u00f3n que deseas, haz clic en <strong>\u201cA\u00f1adir a carrito\u201d<\/strong>.<\/li>\n<li>En \u201cVer carrito\u201d. Podr\u00e1s identificar el producto, precio y la cantidad de unidades que deseas adquirir.<\/li>\n<li>Haz clic en finalizar compra.<\/li>\n<li>Llena los datos en el formulario de compras. Al final del formulario encontrar\u00e1s un cuadro con la siguiente informaci\u00f3n:<\/li>\n<\/ol>\n<ul>\n<li style=\"list-style-type: none;\">\n<ul>\n<li>Debes realizar la transferencia por el monto de<strong> La Chateadora<\/strong> con los datos que ver\u00e1s a continuaci\u00f3n.<\/li>\n<li>El pago no se realiza a trav\u00e9s de nuestra p\u00e1gina web. Utiliza tu banco para realizar la transferencia.<\/li>\n<li>Usa el n\u00famero de pedido como referencia de pago.<\/li>\n<li>Tu pedido no se procesar\u00e1 hasta que se haya recibido el importe en nuestra cuenta<\/li>\n<\/ul>\n<\/li>\n<\/ul>\n<ol start=\"5\">\n<li>Acepta los t\u00e9rminos y condiciones y haz clic en<strong> \u201cRealizar pedido\u201d.<\/strong><\/li>\n<\/ol>\n<p>Se reflejar\u00e1 un n\u00famero de pedido, fecha del pedido y los datos bancarios donde puedes realizar tus transferencias o consignaciones.<\/p>\n<p>Para consignaciones fuera de Antioquia debes sumar <strong>13.000 pesos m\u00e1s.<\/strong><\/p>\n<p>Para consultas, escribe a <strong>editora@juanbustos.com<\/strong><\/p>\n<h5><b>Env\u00edos del libro versi\u00f3n r\u00fastica con solapas<\/b><\/h5>\n<p><span style=\"font-weight: 400;\">Una vez recibimos el pago por tu pedido tenemos entre 3 y 5 d\u00edas h\u00e1biles para enviar tu pedido. La empresa transportadora, en circunstancias normales, tarda entre 24 y 48 horas en entregar los pedidos en ciudades principales y 2 a 4 d\u00edas en ciudades intermedias.\u00a0 Nuestro equipo de trabajo se esmera en enviar tus pedidos lo antes posible, en el orden que los recibimos.<\/span><\/p>\n<p><span style=\"font-weight: 400;\">Recibir\u00e1s un e-mail de confirmaci\u00f3n de env\u00edo, e informaremos mediante la misma v\u00eda el nombre la compa\u00f1\u00eda de transporte por la que fue enviado y el n\u00famero de gu\u00eda correspondiente.<\/span><\/p>\n<p><span style=\"font-weight: 400;\">Los pedidos llegan a la direcci\u00f3n que cargaste al momento de hacer la compra.\u00a0\u00a0<\/span><\/p>\n<p><span style=\"font-weight: 400;\">JuanBustos.com no se hace responsable por los tiempos de entrega atrasos e inconvenientes de ninguna de las empresas transportadoras utilizados para realizar los env\u00edos.<\/span><\/p>\n<h5><b>REQUISITOS DE USO<\/b><\/h5>\n<p><span style=\"font-weight: 400;\">1.1. Para utilizar el Servicio, deber\u00e1s contar con un dispositivo y software compatible y acceso a Internet.\u00a0<\/span><\/p>\n<ol start=\"2\">\n<li><span style=\"font-weight: 400;\"> Contenido Digital<\/span><\/li>\n<\/ol>\n<p><span style=\"font-weight: 400;\">2.1. JuanBustos.com te permite, sujeto a los t\u00e9rminos establecidos en el presente Reglamento de Uso, ver y descargar en tus dispositivos, incluyendo pero sin limitarse a dispositivos m\u00f3viles, lectoras digitales (e-readers) y computadoras personales (en adelante, cada uno, el \u00abDispositivo\u00bb) el libro La Chateadora.<\/span><\/p>\n<p><span style=\"font-weight: 400;\">2.2. Uso del Contenido Digital: Una vez abonado el precio correspondiente a La Chateadora, se le otorga el derecho no exclusivo a descargar en su Dispositivo para su uso personal no comercial.\u00a0<\/span><\/p>\n<p><span style=\"font-weight: 400;\">2.3. Restricciones: No podr\u00e1 vender, dar en alquiler, otorgar en leasing, distribuir, difundir, reproducir, transferir, ni crear obras derivadas de La Chateadora ni realizar cualquier acto que viole los derechos de autor ella.<\/span><\/p>\n<ol start=\"3\">\n<li><span style=\"font-weight: 400;\"> Seguridad<\/span><\/li>\n<\/ol>\n<p><span style=\"font-weight: 400;\">Usted reconoce que el Servicio y el Contenido Digital provisto a trav\u00e9s del Servicio utilizan tecnolog\u00eda dise\u00f1ada a los fines de la protecci\u00f3n de la seguridad de la informaci\u00f3n digital. Usted no intentar\u00e1, ni asistir\u00e1 o incentivar\u00e1 a otros a, evitar, desactivar, ejercer ingenier\u00eda inversa o alterar ninguna de las funciones de seguridad de esta p\u00e1gina.<\/span><\/p>\n<ol start=\"4\">\n<li><span style=\"font-weight: 400;\"> Pago:\u00a0<\/span><\/li>\n<\/ol>\n<p><span style=\"font-weight: 400;\">4.1 Usted es responsable del pago oportuno de todos los cargos y de proveer a los datos de cuenta v\u00e1lidos y todo otro dato necesario para efectuar el pago.<\/span><\/p>\n<p><span style=\"font-weight: 400;\">4.2 Derecho a modificar precios y disponibilidad de la novela La Chateadora: Los precios est\u00e1n sujetos a modificaciones en cualquier momento.<\/span><\/p>\n<p><span style=\"font-weight: 400;\">4.3 Excepto cuando sea requerido por ley o autoridad competente, JuanBustos.com no divulgar\u00e1 la informaci\u00f3n personal provista por Usted sin su permiso.La informaci\u00f3n personal provista por Usted ser\u00e1 utilizada exclusivamente a los fines de procesar \u00f3rdenes de compra y\/o comunicarse con Usted.<\/span><\/p>\n<ol start=\"5\">\n<li><span style=\"font-weight: 400;\"> Pol\u00edtica de Devoluciones<\/span><\/li>\n<\/ol>\n<p><span style=\"font-weight: 400;\">JuanBustos.com no realiza devoluciones, salvo excepciones causadas por el mal funcionamiento del eBook adquirido. Ante este tipo de reclamos por favor contactarse con info@juanbustos.com<\/span><\/p>\n","protected":false},"excerpt":{"rendered":"<p>\u00bfC\u00f3mo comprar el Ebook o el libro en su versi\u00f3n f\u00edsica? Escoge la versi\u00f3n que deseas, haz clic en \u201cA\u00f1adir a carrito\u201d. En \u201cVer carrito\u201d. Podr\u00e1s identificar el producto, precio y la cantidad de unidades que deseas adquirir. Haz clic en finalizar compra. Llena los datos en el formulario de ..<a class=\"more-link\" href=\"https:\/\/juanbustos.com\/chateadora\/terminos-y-condiciones\/\">Continue Reading<\/a><\/p>\n","protected":false},"author":3,"featured_media":0,"parent":0,"menu_order":0,"comment_status":"closed","ping_status":"closed","template":"template-full-width.php","meta":{"footnotes":""},"class_list":["post-618","page","type-page","status-publish","hentry"],"_links":{"self":[{"href":"https:\/\/juanbustos.com\/chateadora\/wp-json\/wp\/v2\/pages\/618","targetHints":{"allow":["GET"]}}],"collection":[{"href":"https:\/\/juanbustos.com\/chateadora\/wp-json\/wp\/v2\/pages"}],"about":[{"href":"https:\/\/juanbustos.com\/chateadora\/wp-json\/wp\/v2\/types\/page"}],"author":[{"embeddable":true,"href":"https:\/\/juanbustos.com\/chateadora\/wp-json\/wp\/v2\/users\/3"}],"replies":[{"embeddable":true,"href":"https:\/\/juanbustos.com\/chateadora\/wp-json\/wp\/v2\/comments?post=618"}],"version-history":[{"count":3,"href":"https:\/\/juanbustos.com\/chateadora\/wp-json\/wp\/v2\/pages\/618\/revisions"}],"predecessor-version":[{"id":716,"href":"https:\/\/juanbustos.com\/chateadora\/wp-json\/wp\/v2\/pages\/618\/revisions\/716"}],"wp:attachment":[{"href":"https:\/\/juanbustos.com\/chateadora\/wp-json\/wp\/v2\/media?parent=618"}],"curies":[{"name":"wp","href":"https:\/\/api.w.org\/{rel}","templated":true}]}}