{"id":620,"date":"2019-12-16T22:47:43","date_gmt":"2019-12-16T22:47:43","guid":{"rendered":"https:\/\/juanbustos.com\/chateadora\/?page_id=620"},"modified":"2020-01-20T20:38:50","modified_gmt":"2020-01-20T20:38:50","slug":"preguntas-frecuentes","status":"publish","type":"page","link":"https:\/\/juanbustos.com\/chateadora\/preguntas-frecuentes\/","title":{"rendered":"Preguntas Frecuentes"},"content":{"rendered":"<h5><strong>\u00bfC\u00f3mo comprar el eBook o el libro en su versi\u00f3n f\u00edsica?<\/strong><\/h5>\n<ol>\n<li>Escoge la versi\u00f3n que deseas, haz clic en <strong>\u201cA\u00f1adir a carrito\u201d<\/strong>.<\/li>\n<li>En \u201cVer carrito\u201d. Podr\u00e1s identificar el producto, precio y la cantidad de unidades que deseas adquirir.<\/li>\n<li>Haz clic en finalizar compra.<\/li>\n<li>Llena los datos en el formulario de compras. Al final del formulario encontrar\u00e1s un cuadro con la siguiente informaci\u00f3n.:<\/li>\n<\/ol>\n<ul>\n<li>Debes realizar la transferencia por el monto de<strong> La Chateadora<\/strong> con los datos que ver\u00e1s a continuaci\u00f3n.<\/li>\n<li>El pago no se realiza a trav\u00e9s de nuestra p\u00e1gina web. Utiliza tu banco para realizar la transferencia.<\/li>\n<li>Usa el n\u00famero de pedido como referencia de pago.<\/li>\n<li>Tu pedido no se procesar\u00e1 hasta que se haya recibido el importe en nuestra cuenta<\/li>\n<\/ul>\n<ol start=\"5\">\n<li>Acepta los t\u00e9rminos y condiciones y haz clic en<strong> \u201cRealizar pedido\u201d.<\/strong><\/li>\n<\/ol>\n<p>Se reflejar\u00e1 un n\u00famero de pedido, fecha del pedido y los datos bancarios donde puedes realizar tus transferencias o consignaciones.<\/p>\n<p>Para consignaciones fuera de Antioquia debes sumar <strong>13.000 pesos m\u00e1s.<\/strong><\/p>\n<p>Para consultas, escribe a <strong>editora@juanbustos.com<\/strong><\/p>\n<h5><b>\u00bfC\u00f3mo descargar mi eBook?<\/b><\/h5>\n<p><span style=\"font-weight: 400;\">La aplicaci\u00f3n de lectura que debes utilizar depende del dispositivo que utilices:<\/span><\/p>\n<ul>\n<li style=\"font-weight: 400;\"><span style=\"font-weight: 400;\">Para iPad &amp; iPhone, recomendamos descargar la aplicaci\u00f3n eBoox desde el <\/span><a href=\"https:\/\/apps.apple.com\/es\/app\/eboox-lector-de-libros\/id1107620242#?platform=iphone\" target=\"_blank\" rel=\"noopener noreferrer\"><span style=\"font-weight: 400;\">AppStore<\/span><\/a><span style=\"font-weight: 400;\">.<\/span><\/li>\n<li style=\"font-weight: 400;\"><span style=\"font-weight: 400;\">Para tablets y celulares con Android, puedes descargar la aplicaci\u00f3n ReadEra desde <\/span><a href=\"https:\/\/play.google.com\/store\/apps\/details?id=org.readera&amp;hl=es\" target=\"_blank\" rel=\"noopener noreferrer\"><span style=\"font-weight: 400;\">Google Play<\/span><\/a><span style=\"font-weight: 400;\">, usando el archivo EPUB incluido.<\/span><\/li>\n<li style=\"font-weight: 400;\"><span style=\"font-weight: 400;\">En Kindle, debes tener en cuenta que el archivo que descargues sea de formato <\/span><b>mobi.<\/b><\/li>\n<li style=\"font-weight: 400;\"><span style=\"font-weight: 400;\">Para PC con Windows o Mac, debes instalar el programa gratuito <\/span><a href=\"http:\/\/www.adobe.com\/la\/solutions\/ebook\/digital-editions\/download.html\" target=\"_blank\" rel=\"noopener noreferrer\"><span style=\"font-weight: 400;\">Adobe Digital Editions<\/span><\/a><span style=\"font-weight: 400;\">.<\/span><\/li>\n<li><\/li>\n<\/ul>\n<h5><b>\u00bfEn cu\u00e1ntos dispositivos puedo descargar mi eBook?<\/b><\/h5>\n<p><span style=\"font-weight: 400;\">Los eBooks protegidos con DRM de Adobe los puedes compartir hasta en 6 dispositivos diferentes (3 tablets\/celulares y 3 PC\/Mac) utilizando el mismo ID de proveedor con el que hayas abierto el eBook la primera vez.<\/span><\/p>\n<h5><b>\u00bfPuedo leer mi eBook si no estoy conectado a Internet?<\/b><\/h5>\n<p><span style=\"font-weight: 400;\">S\u00ed puedes, siempre y cuando los hayas descargado previamente en tu dispositivo.<\/span><\/p>\n<h5><b>\u00bfEn qu\u00e9 dispositivos puedo descargar mi eBook?<\/b><\/h5>\n<ul>\n<li style=\"font-weight: 400;\"><span style=\"font-weight: 400;\">Pc\/Mac<\/span><\/li>\n<li style=\"font-weight: 400;\"><span style=\"font-weight: 400;\">Smartphones\/ Tablets Android<\/span><\/li>\n<li style=\"font-weight: 400;\"><span style=\"font-weight: 400;\">iPad\/iPhone<\/span><\/li>\n<li style=\"font-weight: 400;\"><span style=\"font-weight: 400;\">eReaders<\/span><\/li>\n<li style=\"font-weight: 400;\"><span style=\"font-weight: 400;\">Kindle<\/span><\/li>\n<\/ul>\n","protected":false},"excerpt":{"rendered":"<p>\u00bfC\u00f3mo comprar el eBook o el libro en su versi\u00f3n f\u00edsica? Escoge la versi\u00f3n que deseas, haz clic en \u201cA\u00f1adir a carrito\u201d. En \u201cVer carrito\u201d. Podr\u00e1s identificar el producto, precio y la cantidad de unidades que deseas adquirir. Haz clic en finalizar compra. Llena los datos en el formulario de ..<a class=\"more-link\" href=\"https:\/\/juanbustos.com\/chateadora\/preguntas-frecuentes\/\">Continue Reading<\/a><\/p>\n","protected":false},"author":3,"featured_media":0,"parent":0,"menu_order":0,"comment_status":"closed","ping_status":"closed","template":"template-full-width.php","meta":{"footnotes":""},"class_list":["post-620","page","type-page","status-publish","hentry"],"_links":{"self":[{"href":"https:\/\/juanbustos.com\/chateadora\/wp-json\/wp\/v2\/pages\/620","targetHints":{"allow":["GET"]}}],"collection":[{"href":"https:\/\/juanbustos.com\/chateadora\/wp-json\/wp\/v2\/pages"}],"about":[{"href":"https:\/\/juanbustos.com\/chateadora\/wp-json\/wp\/v2\/types\/page"}],"author":[{"embeddable":true,"href":"https:\/\/juanbustos.com\/chateadora\/wp-json\/wp\/v2\/users\/3"}],"replies":[{"embeddable":true,"href":"https:\/\/juanbustos.com\/chateadora\/wp-json\/wp\/v2\/comments?post=620"}],"version-history":[{"count":5,"href":"https:\/\/juanbustos.com\/chateadora\/wp-json\/wp\/v2\/pages\/620\/revisions"}],"predecessor-version":[{"id":715,"href":"https:\/\/juanbustos.com\/chateadora\/wp-json\/wp\/v2\/pages\/620\/revisions\/715"}],"wp:attachment":[{"href":"https:\/\/juanbustos.com\/chateadora\/wp-json\/wp\/v2\/media?parent=620"}],"curies":[{"name":"wp","href":"https:\/\/api.w.org\/{rel}","templated":true}]}}