{"id":671,"date":"2019-12-20T21:35:08","date_gmt":"2019-12-20T21:35:08","guid":{"rendered":"https:\/\/juanbustos.com\/chateadora\/?post_type=product&#038;p=671"},"modified":"2020-04-27T03:07:27","modified_gmt":"2020-04-27T03:07:27","slug":"la-chateadora-libro-fisico","status":"publish","type":"product","link":"https:\/\/juanbustos.com\/chateadora\/producto\/la-chateadora-libro-fisico\/","title":{"rendered":"La Chateadora Libro F\u00edsico"},"content":{"rendered":"","protected":false},"excerpt":{"rendered":"<p><span style=\"font-weight: 400;\">La Chateadora: historias de una modelo webcam es una novela, con una alta dosis de erotismo, que narra los secretos y vivencias de una camgirl llamada Cristina. La vida de la protagonista transcurre entre el drama, el placer sexual, el dinero y lo que significa trabajar en el mundo virtual.<\/span><\/p>\n<p><span style=\"font-weight: 400;\">Cada cap\u00edtulo es un acercamiento al modelaje webcam, una nueva profesi\u00f3n que se ha hecho popular en Colombia, durante las dos \u00faltimas d\u00e9cadas, y mueve a nivel mundial cerca de 20 mil millones de d\u00f3lares cada a\u00f1o.<\/span><\/p>\n<p><b>Juan Bustos<\/b><span style=\"font-weight: 400;\">, el autor del libro, es un fil\u00f3sofo y pionero del modelaje webcam en Colombia. Este libro es resultado de las historias que ha conocido, sus h\u00e1bitos de lectura y su mente fantasiosa.<\/span><\/p>\n<p>&nbsp;<\/p>\n","protected":false},"featured_media":705,"template":"","meta":[],"product_brand":[],"product_cat":[21],"product_tag":[],"class_list":{"0":"post-671","1":"product","2":"type-product","3":"status-publish","4":"has-post-thumbnail","6":"product_cat-libros","8":"first","9":"instock","10":"shipping-taxable","11":"purchasable","12":"product-type-simple"},"_links":{"self":[{"href":"https:\/\/juanbustos.com\/chateadora\/wp-json\/wp\/v2\/product\/671","targetHints":{"allow":["GET"]}}],"collection":[{"href":"https:\/\/juanbustos.com\/chateadora\/wp-json\/wp\/v2\/product"}],"about":[{"href":"https:\/\/juanbustos.com\/chateadora\/wp-json\/wp\/v2\/types\/product"}],"wp:featuredmedia":[{"embeddable":true,"href":"https:\/\/juanbustos.com\/chateadora\/wp-json\/wp\/v2\/media\/705"}],"wp:attachment":[{"href":"https:\/\/juanbustos.com\/chateadora\/wp-json\/wp\/v2\/media?parent=671"}],"wp:term":[{"taxonomy":"product_brand","embeddable":true,"href":"https:\/\/juanbustos.com\/chateadora\/wp-json\/wp\/v2\/product_brand?post=671"},{"taxonomy":"product_cat","embeddable":true,"href":"https:\/\/juanbustos.com\/chateadora\/wp-json\/wp\/v2\/product_cat?post=671"},{"taxonomy":"product_tag","embeddable":true,"href":"https:\/\/juanbustos.com\/chateadora\/wp-json\/wp\/v2\/product_tag?post=671"}],"curies":[{"name":"wp","href":"https:\/\/api.w.org\/{rel}","templated":true}]}}